{"id":4841,"date":"2022-02-18T16:02:54","date_gmt":"2022-02-18T16:02:54","guid":{"rendered":"https:\/\/eve.com.mx\/?page_id=4841"},"modified":"2022-03-04T18:36:34","modified_gmt":"2022-03-04T18:36:34","slug":"galeria","status":"publish","type":"page","link":"https:\/\/eve.com.mx\/index.php\/galeria\/","title":{"rendered":"Galer\u00eda"},"content":{"rendered":"<p>[vc_row full_width=&#8221;stretch_row&#8221; equal_height=&#8221;yes&#8221; content_placement=&#8221;middle&#8221; disable_element=&#8221;yes&#8221; css=&#8221;.vc_custom_1645730472541{background-color: #f4f6fa !important;}&#8221;][vc_column icons_position=&#8221;left&#8221;][vc_empty_space alter_height=&#8221;huge&#8221; hide_on_desktop=&#8221;&#8221; hide_on_notebook=&#8221;&#8221; hide_on_tablet=&#8221;&#8221; hide_on_mobile=&#8221;&#8221;][\/vc_column][vc_column width=&#8221;5\/12&#8243; icons_position=&#8221;left&#8221;]<div id=\"sc_title_303532962\"\n\t\tclass=\"sc_title color_style_default sc_title_default\"><h6 class=\"sc_item_subtitle sc_title_subtitle sc_align_left sc_item_title_style_default\">Nuestros Servicios<\/h6><h3 class=\"sc_item_title sc_title_title sc_align_left sc_item_title_style_default\">Lo que ofrecemos<\/h3><div class=\"sc_item_descr sc_title_descr sc_align_left\"><p>Dentro de los servicios publicitarios que EVE ofrece se encuentran los siguientes:<\/p>\n<\/div><div class=\"sc_item_button sc_button_wrap sc_align_left\"><a href=\"\/contacto\/\" id=\"sc_button_1893560811\" class=\"sc_button color_style_default sc_button_default sc_item_button sc_item_button_default sc_title_button sc_button_size_normal sc_button_icon_left\"><span class=\"sc_button_text\"><span class=\"sc_button_title\">Cont\u00e1ctanos<\/span><\/span><!-- \/.sc_button_text --><\/a><!-- \/.sc_button --><\/div><!-- \/.sc_item_button --><\/div><!-- \/.sc_title -->[\/vc_column][vc_column width=&#8221;7\/12&#8243; icons_position=&#8221;left&#8221;][vc_empty_space alter_height=&#8221;large&#8221; hide_on_desktop=&#8221;1&#8243; hide_on_notebook=&#8221;1&#8243; hide_on_tablet=&#8221;1&#8243; hide_on_mobile=&#8221;&#8221;]<div id=\"widget_slider_163761225\" class=\"widget_area sc_widget_slider vc_widget_slider wpb_content_element\"><aside id=\"widget_slider_163761225_widget\" class=\"widget widget_slider\">            <div class=\"slider_wrap slider_engine_swiper\">\r\n                <div id=\"widget_slider_163761225_outer\" class=\"slider_outer slider_swiper_outer slider_style_default slider_outer_direction_horizontal slider_outer_one slider_outer_nopagination slider_outer_controls slider_outer_controls_side slider_outer_titles_center\"><div id=\"widget_slider_163761225_swiper\" class=\"slider_container slider_swiper swiper-slider-container slider_controls slider_controls_side slider_titles_center slider_resize slider_height_auto slider_direction_horizontal slider_nopagination slider_one slider_type_bg\" data-ratio=\"67:42\" data-interval=\"7000\" data-effect=\"slide\" data-pagination=\"bullets\" data-direction=\"horizontal\" data-slides-per-view=\"1\" data-slides-space=\"0\"><div class=\"slider-wrapper swiper-wrapper\"><div  class=\"slider-slide swiper-slide\" data-image=\"https:\/\/eve.com.mx\/wp-content\/uploads\/2017\/06\/image-22.jpg\" style=\"background-image:url(https:\/\/eve.com.mx\/wp-content\/uploads\/2017\/06\/image-22.jpg);\"><\/div><div  class=\"slider-slide swiper-slide\" data-image=\"https:\/\/eve.com.mx\/wp-content\/uploads\/2017\/06\/image-23.jpg\" style=\"background-image:url(https:\/\/eve.com.mx\/wp-content\/uploads\/2017\/06\/image-23.jpg);\"><\/div><div  class=\"slider-slide swiper-slide\" data-image=\"https:\/\/eve.com.mx\/wp-content\/uploads\/2017\/06\/image-24.jpg\" style=\"background-image:url(https:\/\/eve.com.mx\/wp-content\/uploads\/2017\/06\/image-24.jpg);\"><\/div><\/div><!-- \/.slider-wrapper --><div class=\"slider_controls_wrap\"><a class=\"slider_prev swiper-button-prev\" href=\"#\"><\/a><a class=\"slider_next swiper-button-next\" href=\"#\"><\/a><\/div><\/div><!-- \/.slider_container --><\/div><!-- \/.slider_outer -->            <\/div>\r\n            <\/aside><\/div>[\/vc_column][vc_column icons_position=&#8221;left&#8221;][vc_empty_space alter_height=&#8221;huge&#8221; hide_on_desktop=&#8221;&#8221; hide_on_notebook=&#8221;&#8221; hide_on_tablet=&#8221;&#8221; hide_on_mobile=&#8221;&#8221;][\/vc_column][\/vc_row][vc_row disable_element=&#8221;yes&#8221;][vc_column icons_position=&#8221;left&#8221;][vc_empty_space alter_height=&#8221;huge&#8221; hide_on_desktop=&#8221;&#8221; hide_on_notebook=&#8221;&#8221; hide_on_tablet=&#8221;&#8221; hide_on_mobile=&#8221;&#8221;]<div id=\"sc_services_327191955\" class=\"sc_services color_style_default sc_services_light sc_services_featured_top\"><div class=\"sc_services_columns_wrap sc_item_columns sc_item_columns_3 trx_addons_columns_wrap columns_padding_bottom\"><div class=\"trx_addons_column-1_3\"><div class=\"sc_services_item with_content with_image sc_services_item_featured_top\">\r\n\t<div class=\"post_featured with_thumb hover_icon sc_services_item_thumb\"><img loading=\"lazy\" decoding=\"async\" width=\"67\" height=\"67\" src=\"https:\/\/eve.com.mx\/wp-content\/uploads\/2022\/02\/cuadros-decorativos.jpg\" class=\"attachment-alpha_color-thumb-med size-alpha_color-thumb-med wp-post-image\" alt=\"Cuadros Decorativos\" \/><div class=\"mask\"><\/div><div class=\"icons\"><a href=\"https:\/\/eve.com.mx\/index.php\/services\/cuadros-decorativos\/\" aria-hidden=\"true\" class=\"icon-link\"><\/a><\/div><\/div>\t\r\n\t<div class=\"sc_services_item_info\">\r\n\t\t<div class=\"sc_services_item_header\">\r\n\t\t\t\t\t\t<h6 class=\"sc_services_item_title\"><a href=\"https:\/\/eve.com.mx\/index.php\/services\/cuadros-decorativos\/\">Cuadros Decorativos<\/a><\/h6>\r\n\t\t\t<div class=\"sc_services_item_subtitle\"><a href=\"https:\/\/eve.com.mx\/index.php\/services_group\/home\/\" title=\"View all posts in Home\">Home, <\/a><a href=\"https:\/\/eve.com.mx\/index.php\/services_group\/our-services\/\" title=\"View all posts in Our Services\">Our Services<\/a><\/div>\t\t<\/div>\r\n\t\t\t\t\t<div class=\"sc_services_item_content\"><p>Impresi\u00f3n sobre sustratos r\u00edgidos c\u00f3mo acr\u00edlico, policabonato, PVC espumado con soportes traseros, cable de acero o chapetones y separadores de aluminio o acero inoxidable para su instalaci\u00f3n.<\/p>\n<\/div>\r\n\t\t\t<div class=\"sc_services_item_button sc_item_button\"><a href=\"https:\/\/eve.com.mx\/index.php\/services\/cuadros-decorativos\/\" class=\"sc_button sc_button_simple\">Learn more<\/a><\/div>\r\n\t\t\t<\/div>\r\n<\/div>\r\n<\/div><div class=\"trx_addons_column-1_3\"><div class=\"sc_services_item with_content with_image sc_services_item_featured_top\">\r\n\t<div class=\"post_featured with_thumb hover_icon sc_services_item_thumb\"><img loading=\"lazy\" decoding=\"async\" width=\"67\" height=\"67\" src=\"https:\/\/eve.com.mx\/wp-content\/uploads\/2022\/02\/tapetes.jpg\" class=\"attachment-alpha_color-thumb-med size-alpha_color-thumb-med wp-post-image\" alt=\"Tapetes Personalizados\" \/><div class=\"mask\"><\/div><div class=\"icons\"><a href=\"https:\/\/eve.com.mx\/index.php\/services\/tapetes-personalizados\/\" aria-hidden=\"true\" class=\"icon-link\"><\/a><\/div><\/div>\t\r\n\t<div class=\"sc_services_item_info\">\r\n\t\t<div class=\"sc_services_item_header\">\r\n\t\t\t\t\t\t<h6 class=\"sc_services_item_title\"><a href=\"https:\/\/eve.com.mx\/index.php\/services\/tapetes-personalizados\/\">Tapetes Personalizados<\/a><\/h6>\r\n\t\t\t<div class=\"sc_services_item_subtitle\"><a href=\"https:\/\/eve.com.mx\/index.php\/services_group\/home\/\" title=\"View all posts in Home\">Home, <\/a><a href=\"https:\/\/eve.com.mx\/index.php\/services_group\/our-services\/\" title=\"View all posts in Our Services\">Our Services<\/a><\/div>\t\t<\/div>\r\n\t\t\t\t\t<div class=\"sc_services_item_content\"><p>Tapetes personalizados y lonas promoci\u00f3nales impresas en selecci\u00f3n de color o bien en recorte de vinil.<\/p>\n<\/div>\r\n\t\t\t<div class=\"sc_services_item_button sc_item_button\"><a href=\"https:\/\/eve.com.mx\/index.php\/services\/tapetes-personalizados\/\" class=\"sc_button sc_button_simple\">Learn more<\/a><\/div>\r\n\t\t\t<\/div>\r\n<\/div>\r\n<\/div><div class=\"trx_addons_column-1_3\"><div class=\"sc_services_item with_content with_image sc_services_item_featured_top\">\r\n\t<div class=\"post_featured with_thumb hover_icon sc_services_item_thumb\"><img loading=\"lazy\" decoding=\"async\" width=\"67\" height=\"67\" src=\"https:\/\/eve.com.mx\/wp-content\/uploads\/2017\/10\/logotipo-luminoso.jpg\" class=\"attachment-alpha_color-thumb-med size-alpha_color-thumb-med wp-post-image\" alt=\"Logotipos Luminosos\" \/><div class=\"mask\"><\/div><div class=\"icons\"><a href=\"https:\/\/eve.com.mx\/index.php\/services\/logotipos-luminosos\/\" aria-hidden=\"true\" class=\"icon-link\"><\/a><\/div><\/div>\t\r\n\t<div class=\"sc_services_item_info\">\r\n\t\t<div class=\"sc_services_item_header\">\r\n\t\t\t\t\t\t<h6 class=\"sc_services_item_title\"><a href=\"https:\/\/eve.com.mx\/index.php\/services\/logotipos-luminosos\/\">Logotipos Luminosos<\/a><\/h6>\r\n\t\t\t<div class=\"sc_services_item_subtitle\"><a href=\"https:\/\/eve.com.mx\/index.php\/services_group\/home\/\" title=\"View all posts in Home\">Home, <\/a><a href=\"https:\/\/eve.com.mx\/index.php\/services_group\/our-services\/\" title=\"View all posts in Our Services\">Our Services<\/a><\/div>\t\t<\/div>\r\n\t\t\t\t\t<div class=\"sc_services_item_content\"><p>Fabricaci\u00f3n, instalaci\u00f3n y mantenimiento de toda clase de anuncios, logotipos, textos individuales y toldos luminosos usando materiales translucidos como lona y acr\u00edlico para anuncios con luz en el frente y\u00a0materiales como acero inoxidable, aluminio y lamina recubierta con pintura electroest\u00e1tica o automotriz para anuncios con luz trasera tipo halo.<\/p>\n<\/div>\r\n\t\t\t<div class=\"sc_services_item_button sc_item_button\"><a href=\"https:\/\/eve.com.mx\/index.php\/services\/logotipos-luminosos\/\" class=\"sc_button sc_button_simple\">Learn more<\/a><\/div>\r\n\t\t\t<\/div>\r\n<\/div>\r\n<\/div><div class=\"trx_addons_column-1_3\"><div class=\"sc_services_item with_content with_image sc_services_item_featured_top\">\r\n\t<div class=\"post_featured with_thumb hover_icon sc_services_item_thumb\"><img loading=\"lazy\" decoding=\"async\" width=\"67\" height=\"67\" src=\"https:\/\/eve.com.mx\/wp-content\/uploads\/2017\/10\/logotipo.jpg\" class=\"attachment-alpha_color-thumb-med size-alpha_color-thumb-med wp-post-image\" alt=\"Logotipos\" \/><div class=\"mask\"><\/div><div class=\"icons\"><a href=\"https:\/\/eve.com.mx\/index.php\/services\/logotipos\/\" aria-hidden=\"true\" class=\"icon-link\"><\/a><\/div><\/div>\t\r\n\t<div class=\"sc_services_item_info\">\r\n\t\t<div class=\"sc_services_item_header\">\r\n\t\t\t\t\t\t<h6 class=\"sc_services_item_title\"><a href=\"https:\/\/eve.com.mx\/index.php\/services\/logotipos\/\">Logotipos<\/a><\/h6>\r\n\t\t\t<div class=\"sc_services_item_subtitle\"><a href=\"https:\/\/eve.com.mx\/index.php\/services_group\/home\/\" title=\"View all posts in Home\">Home, <\/a><a href=\"https:\/\/eve.com.mx\/index.php\/services_group\/our-services\/\" title=\"View all posts in Our Services\">Our Services<\/a><\/div>\t\t<\/div>\r\n\t\t\t\t\t<div class=\"sc_services_item_content\"><p>Fabricaci\u00f3n de logotipos y textos individuales o calados en acero inoxidable, aluminio, madera, lat\u00f3n, acr\u00edlico, l\u00e1mina, MDF y PVC espumado recubiertos con pintura electroest\u00e1tica o automotriz.<\/p>\n<\/div>\r\n\t\t\t<div class=\"sc_services_item_button sc_item_button\"><a href=\"https:\/\/eve.com.mx\/index.php\/services\/logotipos\/\" class=\"sc_button sc_button_simple\">Learn more<\/a><\/div>\r\n\t\t\t<\/div>\r\n<\/div>\r\n<\/div><div class=\"trx_addons_column-1_3\"><div class=\"sc_services_item with_content with_image sc_services_item_featured_top\">\r\n\t<div class=\"post_featured with_thumb hover_icon sc_services_item_thumb\"><img loading=\"lazy\" decoding=\"async\" width=\"67\" height=\"67\" src=\"https:\/\/eve.com.mx\/wp-content\/uploads\/2017\/10\/rotulacion.jpg\" class=\"attachment-alpha_color-thumb-med size-alpha_color-thumb-med wp-post-image\" alt=\"Rotulaci\u00f3n de Flotillas\" \/><div class=\"mask\"><\/div><div class=\"icons\"><a href=\"https:\/\/eve.com.mx\/index.php\/services\/rotulacion-de-flotillas\/\" aria-hidden=\"true\" class=\"icon-link\"><\/a><\/div><\/div>\t\r\n\t<div class=\"sc_services_item_info\">\r\n\t\t<div class=\"sc_services_item_header\">\r\n\t\t\t\t\t\t<h6 class=\"sc_services_item_title\"><a href=\"https:\/\/eve.com.mx\/index.php\/services\/rotulacion-de-flotillas\/\">Rotulaci\u00f3n de Flotillas<\/a><\/h6>\r\n\t\t\t<div class=\"sc_services_item_subtitle\"><a href=\"https:\/\/eve.com.mx\/index.php\/services_group\/home\/\" title=\"View all posts in Home\">Home, <\/a><a href=\"https:\/\/eve.com.mx\/index.php\/services_group\/our-services\/\" title=\"View all posts in Our Services\">Our Services<\/a><\/div>\t\t<\/div>\r\n\t\t\t\t\t<div class=\"sc_services_item_content\"><p>Rotulaci\u00f3n y marcaje de flotillas en vinil autoadherible, cortado por computadora o bien impreso en selecci\u00f3n de color.<\/p>\n<\/div>\r\n\t\t\t<div class=\"sc_services_item_button sc_item_button\"><a href=\"https:\/\/eve.com.mx\/index.php\/services\/rotulacion-de-flotillas\/\" class=\"sc_button sc_button_simple\">Learn more<\/a><\/div>\r\n\t\t\t<\/div>\r\n<\/div>\r\n<\/div><div class=\"trx_addons_column-1_3\"><div class=\"sc_services_item with_content with_image sc_services_item_featured_top\">\r\n\t<div class=\"post_featured with_thumb hover_icon sc_services_item_thumb\"><img loading=\"lazy\" decoding=\"async\" width=\"67\" height=\"67\" src=\"https:\/\/eve.com.mx\/wp-content\/uploads\/2017\/10\/senalizacion.jpg\" class=\"attachment-alpha_color-thumb-med size-alpha_color-thumb-med wp-post-image\" alt=\"Se\u00f1alizaci\u00f3n\" \/><div class=\"mask\"><\/div><div class=\"icons\"><a href=\"https:\/\/eve.com.mx\/index.php\/services\/senalizacion\/\" aria-hidden=\"true\" class=\"icon-link\"><\/a><\/div><\/div>\t\r\n\t<div class=\"sc_services_item_info\">\r\n\t\t<div class=\"sc_services_item_header\">\r\n\t\t\t\t\t\t<h6 class=\"sc_services_item_title\"><a href=\"https:\/\/eve.com.mx\/index.php\/services\/senalizacion\/\">Se\u00f1alizaci\u00f3n<\/a><\/h6>\r\n\t\t\t<div class=\"sc_services_item_subtitle\"><a href=\"https:\/\/eve.com.mx\/index.php\/services_group\/home\/\" title=\"View all posts in Home\">Home, <\/a><a href=\"https:\/\/eve.com.mx\/index.php\/services_group\/our-services\/\" title=\"View all posts in Our Services\">Our Services<\/a><\/div>\t\t<\/div>\r\n\t\t\t\t\t<div class=\"sc_services_item_content\"><p>Se\u00f1alizaci\u00f3n de calles, edificios, plantas y oficinas en varios materiales como madera, acero inoxidable, aluminio, l\u00e1mina, MDF, PVC espumado y con el sistema Vista, el cual est\u00e1 fabricado 100% en aluminio curvo con protector de gr\u00e1fico intercambiable. Previo Siguiente<\/p>\n<\/div>\r\n\t\t\t<div class=\"sc_services_item_button sc_item_button\"><a href=\"https:\/\/eve.com.mx\/index.php\/services\/senalizacion\/\" class=\"sc_button sc_button_simple\">Learn more<\/a><\/div>\r\n\t\t\t<\/div>\r\n<\/div>\r\n<\/div><\/div><\/div><!-- \/.sc_services -->[vc_empty_space alter_height=&#8221;large&#8221; hide_on_desktop=&#8221;&#8221; hide_on_notebook=&#8221;&#8221; hide_on_tablet=&#8221;&#8221; hide_on_mobile=&#8221;&#8221;][\/vc_column][\/vc_row][vc_row][vc_column icons_position=&#8221;left&#8221;][vc_empty_space alter_height=&#8221;huge&#8221; hide_on_desktop=&#8221;&#8221; hide_on_notebook=&#8221;&#8221; hide_on_tablet=&#8221;&#8221; hide_on_mobile=&#8221;&#8221;][vc_empty_space alter_height=&#8221;large&#8221; hide_on_desktop=&#8221;&#8221; hide_on_notebook=&#8221;&#8221; hide_on_tablet=&#8221;&#8221; hide_on_mobile=&#8221;&#8221;][vc_tta_tabs style=&#8221;modern&#8221; active_section=&#8221;1&#8243; pagination_style=&#8221;flat-rounded&#8221; pagination_color=&#8221;mulled-wine&#8221;][vc_tta_section title=&#8221;1&#8243; tab_id=&#8221;1645730776080-41106c9b-fd15&#8243;][vc_media_grid element_width=&#8221;3&#8243; grid_id=&#8221;vc_gid:1646418927554-e5deb063-4800-9&#8243; include=&#8221;4909,4910,4911,4912,4913,4914,4915,4916,4917,4918,4919,4920,5069,4922,4923,4924,4925,4926,4927,4928&#8243;][\/vc_tta_section][vc_tta_section title=&#8221;2&#8243; tab_id=&#8221;1645730776110-623c0ccd-c820&#8243;][vc_media_grid element_width=&#8221;3&#8243; grid_id=&#8221;vc_gid:1646418927555-d8d28e34-4aee-10&#8243; include=&#8221;4931,4932,4933,4934,4935,4936,4937,4938,4939,4940,4941,4942,4943,4944,4945,4946,4947,4948,4949,4950&#8243;][\/vc_tta_section][vc_tta_section title=&#8221;3&#8243; tab_id=&#8221;1645734349186-1b53749c-3f6a&#8221;][vc_media_grid element_width=&#8221;3&#8243; grid_id=&#8221;vc_gid:1646418927556-cde43a56-c54c-5&#8243; include=&#8221;4951,4952,4953,4954,4955,4956,4957,4958,4959,4960,4961,4962,4963,4964,4965,4966,4967,4968,4969,4970&#8243;][\/vc_tta_section][vc_tta_section title=&#8221;4&#8243; tab_id=&#8221;1645734795424-e199c578-db1c&#8221;][vc_media_grid element_width=&#8221;3&#8243; grid_id=&#8221;vc_gid:1646418927556-d9ed4e3c-d3e7-7&#8243; include=&#8221;4972,4973,4974,4975,4976,4977,4978,4979,4980,4981,4982,4983,4984,4985,4986,4987,4988,4989,4990,4991&#8243;][\/vc_tta_section][vc_tta_section title=&#8221;5&#8243; tab_id=&#8221;1645735100529-60e889c4-22ef&#8221;][vc_media_grid element_width=&#8221;3&#8243; grid_id=&#8221;vc_gid:1646418927557-0c8ebccb-9bfa-3&#8243; include=&#8221;4993,4994,4995,4996,4997,4998,4999,5000,5001,5002,5003,5004,5005,5006,5007,5008,5009,5010,5011,5012,5013,5014,5015,5016,5017,5018,5019,5041&#8243;][\/vc_tta_section][\/vc_tta_tabs][vc_empty_space alter_height=&#8221;large&#8221; hide_on_desktop=&#8221;&#8221; hide_on_notebook=&#8221;&#8221; hide_on_tablet=&#8221;&#8221; hide_on_mobile=&#8221;&#8221;][\/vc_column][\/vc_row][vc_row full_width=&#8221;stretch_row&#8221; disable_element=&#8221;yes&#8221; css=&#8221;.vc_custom_1644349650519{background-color: #f4f6fa !important;}&#8221;][vc_column icons_position=&#8221;left&#8221; offset=&#8221;vc_col-md-offset-1 vc_col-md-10&#8243;][vc_empty_space alter_height=&#8221;huge&#8221; hide_on_desktop=&#8221;&#8221; hide_on_notebook=&#8221;&#8221; hide_on_tablet=&#8221;&#8221; hide_on_mobile=&#8221;&#8221;]<div  id=\"sc_price_2016722683\" \n\tclass=\"sc_price color_style_default sc_price_default\"><h6 class=\"sc_item_subtitle sc_price_subtitle sc_align_center sc_item_title_style_default\">Value Packs<\/h6><h3 class=\"sc_item_title sc_price_title sc_align_center sc_item_title_style_default\">Print Packages<\/h3><div class=\"sc_item_descr sc_price_descr sc_align_center\"><p>Lorem ipsum dolor sit amet, consectetur adipiscing elit. Nulla tincidunt tincidunt nunc sed vestibulum. Suspendisse tempus, ipsum varius suscipit laoreet, tellus ex scelerisque nibh.<\/p>\n<\/div><div class=\"sc_price_columns_wrap sc_item_columns trx_addons_columns_wrap columns_padding_bottom\"><div class=\"trx_addons_column-1_3\"><div class=\"sc_price_item sc_price_item_default\">\n\t\t\t<div class=\"sc_price_item_info\"><div class=\"price-header\"><h3 class=\"sc_price_item_title\"><span>Standard<\/span><\/h3><div class=\"sc_price_item_description\"><span>Basic Plan<\/span><\/div><\/div><div class=\"price-body\"><div class=\"sc_price_item_price\"><span class=\"sc_price_item_price_before\">from <\/span><span class=\"sc_price_item_price_value\">$25.00<\/span><\/div><div class=\"sc_price_item_details\">Lorem ipsum dolor sit amet, consectetur adipiscing elit.  Sed iaculis tortor at suscipit tristique urna gravida. <\/div><a href=\"\/contacts\/\" class=\"sc_price_item_link sc_button\">Choose Plan<\/a><\/div><\/div><!-- \/.sc_price_ite_info --><\/div><\/div><div class=\"trx_addons_column-1_3\"><div class=\"sc_price_item sc_price_item_default\">\n\t\t\t<div class=\"sc_price_item_info\"><div class=\"price-header\"><h3 class=\"sc_price_item_title\"><span>Professional<\/span><\/h3><div class=\"sc_price_item_description\"><span>Best Choice<\/span><\/div><\/div><div class=\"price-body\"><div class=\"sc_price_item_price\"><span class=\"sc_price_item_price_before\">from<\/span><span class=\"sc_price_item_price_value\">$55.00<\/span><\/div><div class=\"sc_price_item_details\">Lorem ipsum dolor sit amet, consectetur adipiscing elit.  Sed iaculis tortor at suscipit tristique urna gravida. <\/div><a href=\"\/contacts\/\" class=\"sc_price_item_link sc_button\">Choose Plan<\/a><\/div><\/div><!-- \/.sc_price_ite_info --><\/div><\/div><div class=\"trx_addons_column-1_3\"><div class=\"sc_price_item sc_price_item_default\">\n\t\t\t<div class=\"sc_price_item_info\"><div class=\"price-header\"><h3 class=\"sc_price_item_title\"><span>Advanced<\/span><\/h3><div class=\"sc_price_item_description\"><span>Unlimited features<\/span><\/div><\/div><div class=\"price-body\"><div class=\"sc_price_item_price\"><span class=\"sc_price_item_price_before\">from<\/span><span class=\"sc_price_item_price_value\">$75.00<\/span><\/div><div class=\"sc_price_item_details\">Lorem ipsum dolor sit amet, consectetur adipiscing elit.  Sed iaculis tortor at suscipit tristique urna gravida. <\/div><a href=\"\/contacts\/\" class=\"sc_price_item_link sc_button\">Choose Plan<\/a><\/div><\/div><!-- \/.sc_price_ite_info --><\/div><\/div><\/div><\/div><!-- \/.sc_price -->[vc_empty_space alter_height=&#8221;large&#8221; hide_on_desktop=&#8221;&#8221; hide_on_notebook=&#8221;&#8221; hide_on_tablet=&#8221;&#8221; hide_on_mobile=&#8221;&#8221; css=&#8221;.vc_custom_1507883581657{margin-bottom: 2.5rem !important;}&#8221;][\/vc_column][\/vc_row]<\/p>\n","protected":false},"excerpt":{"rendered":"<p>[vc_row full_width=&#8221;stretch_row&#8221; equal_height=&#8221;yes&#8221; content_placement=&#8221;middle&#8221; disable_element=&#8221;yes&#8221; css=&#8221;.vc_custom_1645730472541{background-color: #f4f6fa !important;}&#8221;][vc_column icons_position=&#8221;left&#8221;][vc_empty_space alter_height=&#8221;huge&#8221; hide_on_desktop=&#8221;&#8221; hide_on_notebook=&#8221;&#8221; hide_on_tablet=&#8221;&#8221; hide_on_mobile=&#8221;&#8221;][\/vc_column][vc_column width=&#8221;5\/12&#8243; icons_position=&#8221;left&#8221;][\/vc_column][vc_column width=&#8221;7\/12&#8243; icons_position=&#8221;left&#8221;][vc_empty_space alter_height=&#8221;large&#8221; hide_on_desktop=&#8221;1&#8243; hide_on_notebook=&#8221;1&#8243; hide_on_tablet=&#8221;1&#8243; hide_on_mobile=&#8221;&#8221;][\/vc_column][vc_column icons_position=&#8221;left&#8221;][vc_empty_space alter_height=&#8221;huge&#8221; hide_on_desktop=&#8221;&#8221; hide_on_notebook=&#8221;&#8221; hide_on_tablet=&#8221;&#8221; hide_on_mobile=&#8221;&#8221;][\/vc_column][\/vc_row][vc_row disable_element=&#8221;yes&#8221;][vc_column icons_position=&#8221;left&#8221;][vc_empty_space alter_height=&#8221;huge&#8221; hide_on_desktop=&#8221;&#8221; hide_on_notebook=&#8221;&#8221; hide_on_tablet=&#8221;&#8221; hide_on_mobile=&#8221;&#8221;][vc_empty_space alter_height=&#8221;large&#8221; hide_on_desktop=&#8221;&#8221; hide_on_notebook=&#8221;&#8221; hide_on_tablet=&#8221;&#8221; hide_on_mobile=&#8221;&#8221;][\/vc_column][\/vc_row][vc_row][vc_column icons_position=&#8221;left&#8221;][vc_empty_space alter_height=&#8221;huge&#8221; hide_on_desktop=&#8221;&#8221; hide_on_notebook=&#8221;&#8221; hide_on_tablet=&#8221;&#8221; hide_on_mobile=&#8221;&#8221;][vc_empty_space alter_height=&#8221;large&#8221; hide_on_desktop=&#8221;&#8221; hide_on_notebook=&#8221;&#8221; hide_on_tablet=&#8221;&#8221; hide_on_mobile=&#8221;&#8221;][vc_tta_tabs style=&#8221;modern&#8221; active_section=&#8221;1&#8243; pagination_style=&#8221;flat-rounded&#8221; pagination_color=&#8221;mulled-wine&#8221;][vc_tta_section title=&#8221;1&#8243; tab_id=&#8221;1645730776080-41106c9b-fd15&#8243;][vc_media_grid element_width=&#8221;3&#8243; grid_id=&#8221;vc_gid:1646418927554-e5deb063-4800-9&#8243;&hellip;<\/p>\n","protected":false},"author":1,"featured_media":0,"parent":0,"menu_order":0,"comment_status":"closed","ping_status":"closed","template":"","meta":{"footnotes":""},"class_list":["post-4841","page","type-page","status-publish","hentry"],"_links":{"self":[{"href":"https:\/\/eve.com.mx\/index.php\/wp-json\/wp\/v2\/pages\/4841","targetHints":{"allow":["GET"]}}],"collection":[{"href":"https:\/\/eve.com.mx\/index.php\/wp-json\/wp\/v2\/pages"}],"about":[{"href":"https:\/\/eve.com.mx\/index.php\/wp-json\/wp\/v2\/types\/page"}],"author":[{"embeddable":true,"href":"https:\/\/eve.com.mx\/index.php\/wp-json\/wp\/v2\/users\/1"}],"replies":[{"embeddable":true,"href":"https:\/\/eve.com.mx\/index.php\/wp-json\/wp\/v2\/comments?post=4841"}],"version-history":[{"count":17,"href":"https:\/\/eve.com.mx\/index.php\/wp-json\/wp\/v2\/pages\/4841\/revisions"}],"predecessor-version":[{"id":5070,"href":"https:\/\/eve.com.mx\/index.php\/wp-json\/wp\/v2\/pages\/4841\/revisions\/5070"}],"wp:attachment":[{"href":"https:\/\/eve.com.mx\/index.php\/wp-json\/wp\/v2\/media?parent=4841"}],"curies":[{"name":"wp","href":"https:\/\/api.w.org\/{rel}","templated":true}]}}